{"id":1742,"date":"2025-09-25T15:40:15","date_gmt":"2025-09-25T18:40:15","guid":{"rendered":"https:\/\/voiss.io\/?page_id=1742"},"modified":"2025-09-25T17:21:36","modified_gmt":"2025-09-25T20:21:36","slug":"termo-de-consentimento","status":"publish","type":"page","link":"https:\/\/voiss.io\/en\/termo-de-consentimento\/","title":{"rendered":"Termo de Consentimento"},"content":{"rendered":"<div data-elementor-type=\"wp-page\" data-elementor-id=\"1742\" class=\"elementor elementor-1742\" data-elementor-post-type=\"page\">\n\t\t\t\t<div class=\"elementor-element elementor-element-739cd89 e-flex e-con-boxed e-con e-parent\" data-id=\"739cd89\" data-element_type=\"container\" data-e-type=\"container\">\n\t\t\t\t\t<div class=\"e-con-inner\">\n\t\t\t\t<div class=\"elementor-element elementor-element-7a714ff1 elementor-widget elementor-widget-text-editor\" data-id=\"7a714ff1\" data-element_type=\"widget\" data-e-type=\"widget\" data-widget_type=\"text-editor.default\">\n\t\t\t\t<div class=\"elementor-widget-container\">\n\t\t\t\t\t\t\t\t\t<p>Prezado(a) Sr.(a),<\/p><p>A VOISS \u00e9 uma ag\u00eancia de pesquisa de mercado que atua na \u00e1rea de produtos e servi\u00e7os e, por esta raz\u00e3o, solicitamos o seu consentimento, por meio deste termo, para a participa\u00e7\u00e3o na pesquisa que foi solicitada sua participa\u00e7\u00e3o.<\/p><p>Todos os produtos, materiais e informa\u00e7\u00f5es aos quais voc\u00ea ter\u00e1 acesso s\u00e3o confidenciais, n\u00e3o podendo ser divulgados ou reproduzidos sem autoriza\u00e7\u00e3o expressa da VOISS.<\/p><p>\u00c9 importante frisar que:<\/p><p>\u2022 Seu anonimato ser\u00e1 sempre resguardado. N\u00e3o utilizaremos nem compartilharemos seus dados pessoais, sendo coletados t\u00e3o somente para fins de controle deste termo de consentimento;<br \/>\u2022 As informa\u00e7\u00f5es colhidas ser\u00e3o usadas \u00fanica e exclusivamente para fins de pesquisa;<br \/>\u2022 Todas as informa\u00e7\u00f5es ser\u00e3o gravadas em \u00e1udio e v\u00eddeo, e essas grava\u00e7\u00f5es ser\u00e3o utilizadas exclusivamente para a an\u00e1lise das informa\u00e7\u00f5es coletadas;<br \/>\u2022 A discuss\u00e3o ou entrevista da qual participar\u00e1 poder\u00e1 estar sendo observada por outras pessoas envolvidas neste projeto de pesquisa;<br \/>\u2022 O patrocinador do estudo n\u00e3o ter\u00e1 c\u00f3pias do \u00e1udio ou v\u00eddeo consigo, tampouco dos dados pessoais coletados neste termo.<\/p><p>Esta coleta de dados e informa\u00e7\u00f5es ocorrer\u00e1 em conformidade com a Lei Geral de Prote\u00e7\u00e3o de Dados Pessoais (Lei n\u00ba 13.709\/2018), sendo os dados tratados exclusivamente para os fins descritos neste termo, com garantia de sigilo e prote\u00e7\u00e3o.<\/p><p>Em caso de d\u00favidas, ou para exercer seus direitos como titular de dados, voc\u00ea poder\u00e1 entrar em contato com a VOISS pelo e-mail: contato@voiss.io.<\/p><p>A manifesta\u00e7\u00e3o do consentimento, por meio deste termo, \u00e9 livre, informada e inequ\u00edvoca, n\u00e3o havendo qualquer tipo de obrigatoriedade ou v\u00ednculo contratual com a empresa.<\/p><p>Esta pesquisa \u00e9 conduzida de acordo com o C\u00f3digo de \u00c9tica e Conduta da ABEP (Associa\u00e7\u00e3o Brasileira das Empresas de Pesquisa), segundo o qual os dados dos entrevistados e suas opini\u00f5es devem ser mantidos de forma estritamente confidencial e sigilosa.<\/p><p>Solicitamos que o(a) Sr.(a) assine este Termo de Consentimento Livre e Esclarecido, declarando que leu, compreendeu e est\u00e1 de acordo com os termos aqui estabelecidos.<\/p>\t\t\t\t\t\t\t\t<\/div>\n\t\t\t\t<\/div>\n\t\t\t\t\t<\/div>\n\t\t\t\t<\/div>\n\t\t<div class=\"elementor-element elementor-element-8609e9e e-flex e-con-boxed e-con e-parent\" data-id=\"8609e9e\" data-element_type=\"container\" data-e-type=\"container\">\n\t\t\t\t\t<div class=\"e-con-inner\">\n\t\t\t\t<div class=\"elementor-element elementor-element-948da64 elementor-widget__width-inherit auto-complete-off elementor-button-align-stretch elementor-widget elementor-widget-form\" data-id=\"948da64\" data-element_type=\"widget\" data-e-type=\"widget\" data-settings=\"{&quot;step_next_label&quot;:&quot;Next&quot;,&quot;step_previous_label&quot;:&quot;Previous&quot;,&quot;button_width&quot;:&quot;100&quot;,&quot;step_type&quot;:&quot;number_text&quot;,&quot;step_icon_shape&quot;:&quot;circle&quot;}\" data-widget_type=\"form.default\">\n\t\t\t\t<div class=\"elementor-widget-container\">\n\t\t\t\t\t\t\t<form class=\"elementor-form\" method=\"post\" name=\"Termo de Consentimento\" aria-label=\"Termo de Consentimento\" action=\"\">\n\t\t\t<input type=\"hidden\" name=\"post_id\" value=\"1742\"\/>\n\t\t\t<input type=\"hidden\" name=\"form_id\" value=\"948da64\"\/>\n\t\t\t<input type=\"hidden\" name=\"referer_title\" value=\"Voiss\" \/>\n\n\t\t\t\n\t\t\t<div class=\"elementor-form-fields-wrapper elementor-labels-above\">\n\t\t\t\t\t\t\t\t<div class=\"elementor-field-type-text elementor-field-group elementor-column elementor-field-group-name elementor-col-100 elementor-field-required\">\n\t\t\t\t\t\t\t\t\t\t\t\t<label for=\"form-field-name\" class=\"elementor-field-label\">\n\t\t\t\t\t\t\t\tNome Completo\t\t\t\t\t\t\t<\/label>\n\t\t\t\t\t\t\t\t\t\t\t\t\t\t<input size=\"1\" type=\"text\" name=\"form_fields[name]\" id=\"form-field-name\" class=\"elementor-field elementor-size-lg  elementor-field-textual\" required=\"required\">\n\t\t\t\t\t\t\t\t\t\t\t<\/div>\n\t\t\t\t\t\t\t\t<div class=\"elementor-field-type-date elementor-field-group elementor-column elementor-field-group-email elementor-col-100 elementor-field-required\">\n\t\t\t\t\t\t\t\t\t\t\t\t<label for=\"form-field-email\" class=\"elementor-field-label\">\n\t\t\t\t\t\t\t\tData\t\t\t\t\t\t\t<\/label>\n\t\t\t\t\t\t\n\t\t<input type=\"date\" name=\"form_fields[email]\" id=\"form-field-email\" class=\"elementor-field elementor-size-lg  elementor-field-textual elementor-date-field\" required=\"required\" pattern=\"[0-9]{4}-[0-9]{2}-[0-9]{2}\">\n\t\t\t\t\t\t<\/div>\n\t\t\t\t\t\t\t\t<div class=\"elementor-field-type-signature elementor-field-group elementor-column elementor-field-group-signature elementor-col-100 elementor-field-required\">\n\t\t\t\t\t\t\t\t\t\t\t\t<label for=\"form-field-signature\" class=\"elementor-field-label\">\n\t\t\t\t\t\t\t\tAssinatura\t\t\t\t\t\t\t<\/label>\n\t\t\t\t\t\t<div class='width-100'><div class='elementor-signature-container' style='width: 960px' ><div class='elementor_signature_clear'><img src='https:\/\/voiss.io\/wp-content\/plugins\/signature-field-for-elementor-forms\/lib\/images\/remove-icon.png' alt='' \/><\/div><div class='elementor-signature-field'  data-id=\"signature\" data-background=\"#ffffff\" data-color=\"#000000\" data-width=\"960\" data-height=\"250\" data-name=\"0\" style='width:960px; height: 250px; background: #ffffff'><\/div><\/div>  <input type=\"hidden\" name=\"form_fields[signature]\" id=\"form-field-signature\" class=\"elementor-field elementor-size-lg  elementor-upload-field-signature elementor-upload-field-signature-signature\" required=\"required\"><\/div>\t\t\t\t<\/div>\n\t\t\t\t\t\t\t\t<div class=\"elementor-field-group elementor-column elementor-field-type-submit elementor-col-100 e-form__buttons\">\n\t\t\t\t\t<button class=\"elementor-button elementor-size-sm\" type=\"submit\">\n\t\t\t\t\t\t<span class=\"elementor-button-content-wrapper\">\n\t\t\t\t\t\t\t\t\t\t\t\t\t\t\t\t\t\t\t\t\t\t<span class=\"elementor-button-text\">Send<\/span>\n\t\t\t\t\t\t\t\t\t\t\t\t\t<\/span>\n\t\t\t\t\t<\/button>\n\t\t\t\t<\/div>\n\t\t\t<\/div>\n\t\t<input type=\"hidden\" name=\"trp-form-language\" value=\"en\"\/><\/form>\n\t\t\t\t\t\t<\/div>\n\t\t\t\t<\/div>\n\t\t\t\t\t<\/div>\n\t\t\t\t<\/div>\n\t\t\t\t<\/div>","protected":false},"excerpt":{"rendered":"<p>Prezado(a) Sr.(a), A VOISS \u00e9 uma ag\u00eancia de pesquisa de mercado que atua na \u00e1rea de produtos e servi\u00e7os e, por esta raz\u00e3o, solicitamos o seu consentimento, por meio deste termo, para a participa\u00e7\u00e3o na pesquisa que foi solicitada sua participa\u00e7\u00e3o. Todos os produtos, materiais e informa\u00e7\u00f5es aos quais voc\u00ea ter\u00e1 acesso s\u00e3o confidenciais, n\u00e3o [&hellip;]<\/p>","protected":false},"author":1,"featured_media":0,"parent":0,"menu_order":0,"comment_status":"closed","ping_status":"closed","template":"","meta":{"_acf_changed":false,"content-type":"","footnotes":""},"class_list":["post-1742","page","type-page","status-publish","hentry"],"acf":[],"yoast_head":"<!-- This site is optimized with the Yoast SEO plugin v27.3 - https:\/\/yoast.com\/product\/yoast-seo-wordpress\/ -->\n<title>Termo de Consentimento - Voiss<\/title>\n<meta name=\"robots\" content=\"index, follow, max-snippet:-1, max-image-preview:large, max-video-preview:-1\" \/>\n<link rel=\"canonical\" href=\"https:\/\/voiss.io\/en\/termo-de-consentimento\/\" \/>\n<meta property=\"og:locale\" content=\"en_US\" \/>\n<meta property=\"og:type\" content=\"article\" \/>\n<meta property=\"og:title\" content=\"Termo de Consentimento - Voiss\" \/>\n<meta property=\"og:description\" content=\"Prezado(a) Sr.(a), A VOISS \u00e9 uma ag\u00eancia de pesquisa de mercado que atua na \u00e1rea de produtos e servi\u00e7os e, por esta raz\u00e3o, solicitamos o seu consentimento, por meio deste termo, para a participa\u00e7\u00e3o na pesquisa que foi solicitada sua participa\u00e7\u00e3o. Todos os produtos, materiais e informa\u00e7\u00f5es aos quais voc\u00ea ter\u00e1 acesso s\u00e3o confidenciais, n\u00e3o [&hellip;]\" \/>\n<meta property=\"og:url\" content=\"https:\/\/voiss.io\/en\/termo-de-consentimento\/\" \/>\n<meta property=\"og:site_name\" content=\"Voiss\" \/>\n<meta property=\"article:modified_time\" content=\"2025-09-25T20:21:36+00:00\" \/>\n<meta property=\"og:image\" content=\"https:\/\/voiss.io\/wp-content\/uploads\/2024\/08\/share.jpg\" \/>\n\t<meta property=\"og:image:width\" content=\"1200\" \/>\n\t<meta property=\"og:image:height\" content=\"675\" \/>\n\t<meta property=\"og:image:type\" content=\"image\/jpeg\" \/>\n<meta name=\"twitter:card\" content=\"summary_large_image\" \/>\n<script type=\"application\/ld+json\" class=\"yoast-schema-graph\">{\"@context\":\"https:\\\/\\\/schema.org\",\"@graph\":[{\"@type\":\"WebPage\",\"@id\":\"https:\\\/\\\/voiss.io\\\/termo-de-consentimento\\\/\",\"url\":\"https:\\\/\\\/voiss.io\\\/termo-de-consentimento\\\/\",\"name\":\"Termo de Consentimento - Voiss\",\"isPartOf\":{\"@id\":\"https:\\\/\\\/voiss.io\\\/#website\"},\"datePublished\":\"2025-09-25T18:40:15+00:00\",\"dateModified\":\"2025-09-25T20:21:36+00:00\",\"breadcrumb\":{\"@id\":\"https:\\\/\\\/voiss.io\\\/termo-de-consentimento\\\/#breadcrumb\"},\"inLanguage\":\"en-US\",\"potentialAction\":[{\"@type\":\"ReadAction\",\"target\":[\"https:\\\/\\\/voiss.io\\\/termo-de-consentimento\\\/\"]}]},{\"@type\":\"BreadcrumbList\",\"@id\":\"https:\\\/\\\/voiss.io\\\/termo-de-consentimento\\\/#breadcrumb\",\"itemListElement\":[{\"@type\":\"ListItem\",\"position\":1,\"name\":\"In\u00edcio\",\"item\":\"https:\\\/\\\/voiss.io\\\/\"},{\"@type\":\"ListItem\",\"position\":2,\"name\":\"Termo de Consentimento\"}]},{\"@type\":\"WebSite\",\"@id\":\"https:\\\/\\\/voiss.io\\\/#website\",\"url\":\"https:\\\/\\\/voiss.io\\\/\",\"name\":\"Voiss\",\"description\":\"Intelig\u00eancia de Mercado para Empresas de Nicho e B2B\",\"publisher\":{\"@id\":\"https:\\\/\\\/voiss.io\\\/#organization\"},\"potentialAction\":[{\"@type\":\"SearchAction\",\"target\":{\"@type\":\"EntryPoint\",\"urlTemplate\":\"https:\\\/\\\/voiss.io\\\/?s={search_term_string}\"},\"query-input\":{\"@type\":\"PropertyValueSpecification\",\"valueRequired\":true,\"valueName\":\"search_term_string\"}}],\"inLanguage\":\"en-US\"},{\"@type\":\"Organization\",\"@id\":\"https:\\\/\\\/voiss.io\\\/#organization\",\"name\":\"Voiss\",\"url\":\"https:\\\/\\\/voiss.io\\\/\",\"logo\":{\"@type\":\"ImageObject\",\"inLanguage\":\"en-US\",\"@id\":\"https:\\\/\\\/voiss.io\\\/#\\\/schema\\\/logo\\\/image\\\/\",\"url\":\"https:\\\/\\\/voiss.io\\\/wp-content\\\/uploads\\\/2024\\\/07\\\/logo-voiss-footer.png\",\"contentUrl\":\"https:\\\/\\\/voiss.io\\\/wp-content\\\/uploads\\\/2024\\\/07\\\/logo-voiss-footer.png\",\"width\":398,\"height\":114,\"caption\":\"Voiss\"},\"image\":{\"@id\":\"https:\\\/\\\/voiss.io\\\/#\\\/schema\\\/logo\\\/image\\\/\"}}]}<\/script>\n<!-- \/ Yoast SEO plugin. -->","yoast_head_json":{"title":"Termo de Consentimento - Voiss","robots":{"index":"index","follow":"follow","max-snippet":"max-snippet:-1","max-image-preview":"max-image-preview:large","max-video-preview":"max-video-preview:-1"},"canonical":"https:\/\/voiss.io\/en\/termo-de-consentimento\/","og_locale":"en_US","og_type":"article","og_title":"Termo de Consentimento - Voiss","og_description":"Prezado(a) Sr.(a), A VOISS \u00e9 uma ag\u00eancia de pesquisa de mercado que atua na \u00e1rea de produtos e servi\u00e7os e, por esta raz\u00e3o, solicitamos o seu consentimento, por meio deste termo, para a participa\u00e7\u00e3o na pesquisa que foi solicitada sua participa\u00e7\u00e3o. Todos os produtos, materiais e informa\u00e7\u00f5es aos quais voc\u00ea ter\u00e1 acesso s\u00e3o confidenciais, n\u00e3o [&hellip;]","og_url":"https:\/\/voiss.io\/en\/termo-de-consentimento\/","og_site_name":"Voiss","article_modified_time":"2025-09-25T20:21:36+00:00","og_image":[{"width":1200,"height":675,"url":"https:\/\/voiss.io\/wp-content\/uploads\/2024\/08\/share.jpg","type":"image\/jpeg"}],"twitter_card":"summary_large_image","schema":{"@context":"https:\/\/schema.org","@graph":[{"@type":"WebPage","@id":"https:\/\/voiss.io\/termo-de-consentimento\/","url":"https:\/\/voiss.io\/termo-de-consentimento\/","name":"Termo de Consentimento - Voiss","isPartOf":{"@id":"https:\/\/voiss.io\/#website"},"datePublished":"2025-09-25T18:40:15+00:00","dateModified":"2025-09-25T20:21:36+00:00","breadcrumb":{"@id":"https:\/\/voiss.io\/termo-de-consentimento\/#breadcrumb"},"inLanguage":"en-US","potentialAction":[{"@type":"ReadAction","target":["https:\/\/voiss.io\/termo-de-consentimento\/"]}]},{"@type":"BreadcrumbList","@id":"https:\/\/voiss.io\/termo-de-consentimento\/#breadcrumb","itemListElement":[{"@type":"ListItem","position":1,"name":"In\u00edcio","item":"https:\/\/voiss.io\/"},{"@type":"ListItem","position":2,"name":"Termo de Consentimento"}]},{"@type":"WebSite","@id":"https:\/\/voiss.io\/#website","url":"https:\/\/voiss.io\/","name":"Voiss","description":"Intelig\u00eancia de Mercado para Empresas de Nicho e B2B","publisher":{"@id":"https:\/\/voiss.io\/#organization"},"potentialAction":[{"@type":"SearchAction","target":{"@type":"EntryPoint","urlTemplate":"https:\/\/voiss.io\/?s={search_term_string}"},"query-input":{"@type":"PropertyValueSpecification","valueRequired":true,"valueName":"search_term_string"}}],"inLanguage":"en-US"},{"@type":"Organization","@id":"https:\/\/voiss.io\/#organization","name":"Voiss","url":"https:\/\/voiss.io\/","logo":{"@type":"ImageObject","inLanguage":"en-US","@id":"https:\/\/voiss.io\/#\/schema\/logo\/image\/","url":"https:\/\/voiss.io\/wp-content\/uploads\/2024\/07\/logo-voiss-footer.png","contentUrl":"https:\/\/voiss.io\/wp-content\/uploads\/2024\/07\/logo-voiss-footer.png","width":398,"height":114,"caption":"Voiss"},"image":{"@id":"https:\/\/voiss.io\/#\/schema\/logo\/image\/"}}]}},"_links":{"self":[{"href":"https:\/\/voiss.io\/en\/wp-json\/wp\/v2\/pages\/1742","targetHints":{"allow":["GET"]}}],"collection":[{"href":"https:\/\/voiss.io\/en\/wp-json\/wp\/v2\/pages"}],"about":[{"href":"https:\/\/voiss.io\/en\/wp-json\/wp\/v2\/types\/page"}],"author":[{"embeddable":true,"href":"https:\/\/voiss.io\/en\/wp-json\/wp\/v2\/users\/1"}],"replies":[{"embeddable":true,"href":"https:\/\/voiss.io\/en\/wp-json\/wp\/v2\/comments?post=1742"}],"version-history":[{"count":7,"href":"https:\/\/voiss.io\/en\/wp-json\/wp\/v2\/pages\/1742\/revisions"}],"predecessor-version":[{"id":1786,"href":"https:\/\/voiss.io\/en\/wp-json\/wp\/v2\/pages\/1742\/revisions\/1786"}],"wp:attachment":[{"href":"https:\/\/voiss.io\/en\/wp-json\/wp\/v2\/media?parent=1742"}],"curies":[{"name":"wp","href":"https:\/\/api.w.org\/{rel}","templated":true}]}}