{"id":498,"date":"2024-07-25T09:38:39","date_gmt":"2024-07-25T12:38:39","guid":{"rendered":"https:\/\/voiss.io\/?page_id=498"},"modified":"2024-07-25T10:42:54","modified_gmt":"2024-07-25T13:42:54","slug":"termos-de-uso","status":"publish","type":"page","link":"https:\/\/voiss.io\/en\/termos-de-uso\/","title":{"rendered":"Terms of Use"},"content":{"rendered":"<p>These Terms of Use govern your use of our website. By accessing our website, you agree to these terms.<\/p>\n<h2><strong>Use of the Site<\/strong><\/h2>\n<ul>\n<li><strong>Content<\/strong>: All content on the website is owned by or licensed to us. You may not use, reproduce or distribute any content without our permission.<\/li>\n<li><strong>User Conduct<\/strong>: You agree not to use the Site for any illegal or harmful activity.<\/li>\n<li><strong>Record<\/strong>: To access certain features, you may need to register. You agree to provide true and up-to-date information.<\/li>\n<\/ul>\n<h2><strong>Disclaimer<\/strong><\/h2>\n<p>Our website is provided \u201cas is\u201d and without warranties of any kind. We do not guarantee that the website will be uninterrupted or error-free.<\/p>\n<h2><strong>Limitation of Liability<\/strong><\/h2>\n<p>Under no circumstances will we be liable for any indirect, incidental, or consequential damages arising out of the use of the site.<\/p>\n<h2><strong>Changes to Terms of Use<\/strong><\/h2>\n<p>We reserve the right to change these terms at any time. Changes will be published on this page.<\/p>\n<h2><strong>Applicable Law<\/strong><\/h2>\n<p>These terms are governed by the laws of Brazil. Any dispute will be resolved in the competent courts of Brazil.<\/p>\n<h2><strong>Contact<\/strong><\/h2>\n<p>If you have any questions about our Terms of Use, please contact us by email <a rel=\"noreferrer\">atendimento@voiss.com<\/a>.<\/p>","protected":false},"excerpt":{"rendered":"<p>Estes Termos de Uso regem seu uso do nosso site. Ao acessar nosso site, voc\u00ea concorda com estes termos. Uso do Site Conte\u00fado: Todo o conte\u00fado do site \u00e9 de nossa propriedade ou licenciado para n\u00f3s. Voc\u00ea n\u00e3o pode usar, reproduzir ou distribuir qualquer conte\u00fado sem nossa permiss\u00e3o. Conduta do Usu\u00e1rio: Voc\u00ea concorda em n\u00e3o [&hellip;]<\/p>","protected":false},"author":1,"featured_media":0,"parent":0,"menu_order":0,"comment_status":"closed","ping_status":"closed","template":"","meta":{"_acf_changed":false,"content-type":"","footnotes":""},"class_list":["post-498","page","type-page","status-publish","hentry"],"acf":[],"yoast_head":"<!-- This site is optimized with the Yoast SEO plugin v27.3 - https:\/\/yoast.com\/product\/yoast-seo-wordpress\/ -->\n<title>Termos de Uso - Voiss<\/title>\n<meta name=\"robots\" content=\"index, follow, max-snippet:-1, max-image-preview:large, max-video-preview:-1\" \/>\n<link rel=\"canonical\" href=\"https:\/\/voiss.io\/en\/termos-de-uso\/\" \/>\n<meta property=\"og:locale\" content=\"en_US\" \/>\n<meta property=\"og:type\" content=\"article\" \/>\n<meta property=\"og:title\" content=\"Termos de Uso - Voiss\" \/>\n<meta property=\"og:description\" content=\"Estes Termos de Uso regem seu uso do nosso site. Ao acessar nosso site, voc\u00ea concorda com estes termos. Uso do Site Conte\u00fado: Todo o conte\u00fado do site \u00e9 de nossa propriedade ou licenciado para n\u00f3s. Voc\u00ea n\u00e3o pode usar, reproduzir ou distribuir qualquer conte\u00fado sem nossa permiss\u00e3o. Conduta do Usu\u00e1rio: Voc\u00ea concorda em n\u00e3o [&hellip;]\" \/>\n<meta property=\"og:url\" content=\"https:\/\/voiss.io\/en\/termos-de-uso\/\" \/>\n<meta property=\"og:site_name\" content=\"Voiss\" \/>\n<meta property=\"article:modified_time\" content=\"2024-07-25T13:42:54+00:00\" \/>\n<meta property=\"og:image\" content=\"https:\/\/voiss.io\/wp-content\/uploads\/2024\/08\/share.jpg\" \/>\n\t<meta property=\"og:image:width\" content=\"1200\" \/>\n\t<meta property=\"og:image:height\" content=\"675\" \/>\n\t<meta property=\"og:image:type\" content=\"image\/jpeg\" \/>\n<meta name=\"twitter:card\" content=\"summary_large_image\" \/>\n<script type=\"application\/ld+json\" class=\"yoast-schema-graph\">{\"@context\":\"https:\\\/\\\/schema.org\",\"@graph\":[{\"@type\":\"WebPage\",\"@id\":\"https:\\\/\\\/voiss.io\\\/termos-de-uso\\\/\",\"url\":\"https:\\\/\\\/voiss.io\\\/termos-de-uso\\\/\",\"name\":\"Termos de Uso - Voiss\",\"isPartOf\":{\"@id\":\"https:\\\/\\\/voiss.io\\\/#website\"},\"datePublished\":\"2024-07-25T12:38:39+00:00\",\"dateModified\":\"2024-07-25T13:42:54+00:00\",\"breadcrumb\":{\"@id\":\"https:\\\/\\\/voiss.io\\\/termos-de-uso\\\/#breadcrumb\"},\"inLanguage\":\"en-US\",\"potentialAction\":[{\"@type\":\"ReadAction\",\"target\":[\"https:\\\/\\\/voiss.io\\\/termos-de-uso\\\/\"]}]},{\"@type\":\"BreadcrumbList\",\"@id\":\"https:\\\/\\\/voiss.io\\\/termos-de-uso\\\/#breadcrumb\",\"itemListElement\":[{\"@type\":\"ListItem\",\"position\":1,\"name\":\"In\u00edcio\",\"item\":\"https:\\\/\\\/voiss.io\\\/\"},{\"@type\":\"ListItem\",\"position\":2,\"name\":\"Termos de Uso\"}]},{\"@type\":\"WebSite\",\"@id\":\"https:\\\/\\\/voiss.io\\\/#website\",\"url\":\"https:\\\/\\\/voiss.io\\\/\",\"name\":\"Voiss\",\"description\":\"Intelig\u00eancia de Mercado para Empresas de Nicho e B2B\",\"publisher\":{\"@id\":\"https:\\\/\\\/voiss.io\\\/#organization\"},\"potentialAction\":[{\"@type\":\"SearchAction\",\"target\":{\"@type\":\"EntryPoint\",\"urlTemplate\":\"https:\\\/\\\/voiss.io\\\/?s={search_term_string}\"},\"query-input\":{\"@type\":\"PropertyValueSpecification\",\"valueRequired\":true,\"valueName\":\"search_term_string\"}}],\"inLanguage\":\"en-US\"},{\"@type\":\"Organization\",\"@id\":\"https:\\\/\\\/voiss.io\\\/#organization\",\"name\":\"Voiss\",\"url\":\"https:\\\/\\\/voiss.io\\\/\",\"logo\":{\"@type\":\"ImageObject\",\"inLanguage\":\"en-US\",\"@id\":\"https:\\\/\\\/voiss.io\\\/#\\\/schema\\\/logo\\\/image\\\/\",\"url\":\"https:\\\/\\\/voiss.io\\\/wp-content\\\/uploads\\\/2024\\\/07\\\/logo-voiss-footer.png\",\"contentUrl\":\"https:\\\/\\\/voiss.io\\\/wp-content\\\/uploads\\\/2024\\\/07\\\/logo-voiss-footer.png\",\"width\":398,\"height\":114,\"caption\":\"Voiss\"},\"image\":{\"@id\":\"https:\\\/\\\/voiss.io\\\/#\\\/schema\\\/logo\\\/image\\\/\"}}]}<\/script>\n<!-- \/ Yoast SEO plugin. -->","yoast_head_json":{"title":"Termos de Uso - Voiss","robots":{"index":"index","follow":"follow","max-snippet":"max-snippet:-1","max-image-preview":"max-image-preview:large","max-video-preview":"max-video-preview:-1"},"canonical":"https:\/\/voiss.io\/en\/termos-de-uso\/","og_locale":"en_US","og_type":"article","og_title":"Termos de Uso - Voiss","og_description":"Estes Termos de Uso regem seu uso do nosso site. Ao acessar nosso site, voc\u00ea concorda com estes termos. Uso do Site Conte\u00fado: Todo o conte\u00fado do site \u00e9 de nossa propriedade ou licenciado para n\u00f3s. Voc\u00ea n\u00e3o pode usar, reproduzir ou distribuir qualquer conte\u00fado sem nossa permiss\u00e3o. Conduta do Usu\u00e1rio: Voc\u00ea concorda em n\u00e3o [&hellip;]","og_url":"https:\/\/voiss.io\/en\/termos-de-uso\/","og_site_name":"Voiss","article_modified_time":"2024-07-25T13:42:54+00:00","og_image":[{"width":1200,"height":675,"url":"https:\/\/voiss.io\/wp-content\/uploads\/2024\/08\/share.jpg","type":"image\/jpeg"}],"twitter_card":"summary_large_image","schema":{"@context":"https:\/\/schema.org","@graph":[{"@type":"WebPage","@id":"https:\/\/voiss.io\/termos-de-uso\/","url":"https:\/\/voiss.io\/termos-de-uso\/","name":"Termos de Uso - Voiss","isPartOf":{"@id":"https:\/\/voiss.io\/#website"},"datePublished":"2024-07-25T12:38:39+00:00","dateModified":"2024-07-25T13:42:54+00:00","breadcrumb":{"@id":"https:\/\/voiss.io\/termos-de-uso\/#breadcrumb"},"inLanguage":"en-US","potentialAction":[{"@type":"ReadAction","target":["https:\/\/voiss.io\/termos-de-uso\/"]}]},{"@type":"BreadcrumbList","@id":"https:\/\/voiss.io\/termos-de-uso\/#breadcrumb","itemListElement":[{"@type":"ListItem","position":1,"name":"In\u00edcio","item":"https:\/\/voiss.io\/"},{"@type":"ListItem","position":2,"name":"Termos de Uso"}]},{"@type":"WebSite","@id":"https:\/\/voiss.io\/#website","url":"https:\/\/voiss.io\/","name":"Voiss","description":"Intelig\u00eancia de Mercado para Empresas de Nicho e B2B","publisher":{"@id":"https:\/\/voiss.io\/#organization"},"potentialAction":[{"@type":"SearchAction","target":{"@type":"EntryPoint","urlTemplate":"https:\/\/voiss.io\/?s={search_term_string}"},"query-input":{"@type":"PropertyValueSpecification","valueRequired":true,"valueName":"search_term_string"}}],"inLanguage":"en-US"},{"@type":"Organization","@id":"https:\/\/voiss.io\/#organization","name":"Voiss","url":"https:\/\/voiss.io\/","logo":{"@type":"ImageObject","inLanguage":"en-US","@id":"https:\/\/voiss.io\/#\/schema\/logo\/image\/","url":"https:\/\/voiss.io\/wp-content\/uploads\/2024\/07\/logo-voiss-footer.png","contentUrl":"https:\/\/voiss.io\/wp-content\/uploads\/2024\/07\/logo-voiss-footer.png","width":398,"height":114,"caption":"Voiss"},"image":{"@id":"https:\/\/voiss.io\/#\/schema\/logo\/image\/"}}]}},"_links":{"self":[{"href":"https:\/\/voiss.io\/en\/wp-json\/wp\/v2\/pages\/498","targetHints":{"allow":["GET"]}}],"collection":[{"href":"https:\/\/voiss.io\/en\/wp-json\/wp\/v2\/pages"}],"about":[{"href":"https:\/\/voiss.io\/en\/wp-json\/wp\/v2\/types\/page"}],"author":[{"embeddable":true,"href":"https:\/\/voiss.io\/en\/wp-json\/wp\/v2\/users\/1"}],"replies":[{"embeddable":true,"href":"https:\/\/voiss.io\/en\/wp-json\/wp\/v2\/comments?post=498"}],"version-history":[{"count":2,"href":"https:\/\/voiss.io\/en\/wp-json\/wp\/v2\/pages\/498\/revisions"}],"predecessor-version":[{"id":556,"href":"https:\/\/voiss.io\/en\/wp-json\/wp\/v2\/pages\/498\/revisions\/556"}],"wp:attachment":[{"href":"https:\/\/voiss.io\/en\/wp-json\/wp\/v2\/media?parent=498"}],"curies":[{"name":"wp","href":"https:\/\/api.w.org\/{rel}","templated":true}]}}